{"id":451,"date":"2021-04-14T19:10:07","date_gmt":"2021-04-14T17:10:07","guid":{"rendered":"https:\/\/srialoveni.md\/?page_id=451"},"modified":"2024-06-05T23:56:56","modified_gmt":"2024-06-05T21:56:56","slug":"tarife-de-spitalizare","status":"publish","type":"page","link":"https:\/\/srialoveni.weblucas.info\/?page_id=451","title":{"rendered":"Tarife de spitalizare"},"content":{"rendered":"\t\t<div data-elementor-type=\"wp-page\" data-elementor-id=\"451\" class=\"elementor elementor-451\">\n\t\t\t\t\t\t<section class=\"elementor-section elementor-top-section elementor-element elementor-element-79a11d8 elementor-section-boxed elementor-section-height-default elementor-section-height-default\" data-id=\"79a11d8\" data-element_type=\"section\" data-e-type=\"section\">\n\t\t\t\t\t\t<div class=\"elementor-container elementor-column-gap-default\">\n\t\t\t\t\t<div class=\"elementor-column elementor-col-100 elementor-top-column elementor-element elementor-element-6c3eaa6\" data-id=\"6c3eaa6\" data-element_type=\"column\" data-e-type=\"column\">\n\t\t\t<div class=\"elementor-widget-wrap elementor-element-populated\">\n\t\t\t\t\t\t<div class=\"elementor-element elementor-element-90704f0 elementor-widget elementor-widget-heading\" data-id=\"90704f0\" data-element_type=\"widget\" data-e-type=\"widget\" data-widget_type=\"heading.default\">\n\t\t\t\t<div class=\"elementor-widget-container\">\n\t\t\t\t\t<h4 class=\"elementor-heading-title elementor-size-large\"><span style=\"font-weight: 700;, sans-serif;font-size: 30px;text-align: left\">Tarife de spitalizare<\/span><\/h4>\t\t\t\t<\/div>\n\t\t\t\t<\/div>\n\t\t\t\t<div class=\"elementor-element elementor-element-38ced58 elementor-widget-divider--view-line elementor-widget elementor-widget-divider\" data-id=\"38ced58\" data-element_type=\"widget\" data-e-type=\"widget\" data-widget_type=\"divider.default\">\n\t\t\t\t<div class=\"elementor-widget-container\">\n\t\t\t\t\t\t\t<div class=\"elementor-divider\">\n\t\t\t<span class=\"elementor-divider-separator\">\n\t\t\t\t\t\t<\/span>\n\t\t<\/div>\n\t\t\t\t\t\t<\/div>\n\t\t\t\t<\/div>\n\t\t\t\t<div class=\"elementor-element elementor-element-84f95c5 elementor-widget elementor-widget-text-editor\" data-id=\"84f95c5\" data-element_type=\"widget\" data-e-type=\"widget\" data-widget_type=\"text-editor.default\">\n\t\t\t\t<div class=\"elementor-widget-container\">\n\t\t\t\t\t\t\t\t\t<ul><li><a href=\"https:\/\/srialoveni.md\/wp-content\/uploads\/2024\/06\/Extras-din-Catalogul-Tarifelor-Unice.pdf\">Extras din Catalogul Tarifelor Unice<\/a><\/li><\/ul>\t\t\t\t\t\t\t\t<\/div>\n\t\t\t\t<\/div>\n\t\t\t\t<div class=\"elementor-element elementor-element-2d03863 elementor-widget elementor-widget-toggle\" data-id=\"2d03863\" data-element_type=\"widget\" data-e-type=\"widget\" data-widget_type=\"toggle.default\">\n\t\t\t\t<div class=\"elementor-widget-container\">\n\t\t\t\t\t\t\t<div class=\"elementor-toggle\">\n\t\t\t\t\t\t\t<div class=\"elementor-toggle-item\">\n\t\t\t\t\t<div id=\"elementor-tab-title-4721\" class=\"elementor-tab-title\" data-tab=\"1\" role=\"button\" aria-controls=\"elementor-tab-content-4721\" aria-expanded=\"false\">\n\t\t\t\t\t\t\t\t\t\t\t\t<span class=\"elementor-toggle-icon elementor-toggle-icon-left\" aria-hidden=\"true\">\n\t\t\t\t\t\t\t\t\t\t\t\t\t\t\t<span class=\"elementor-toggle-icon-closed\"><i class=\"fas fa-caret-right\"><\/i><\/span>\n\t\t\t\t\t\t\t\t<span class=\"elementor-toggle-icon-opened\"><i class=\"elementor-toggle-icon-opened fas fa-caret-up\"><\/i><\/span>\n\t\t\t\t\t\t\t\t\t\t\t\t\t<\/span>\n\t\t\t\t\t\t\t\t\t\t\t\t<a class=\"elementor-toggle-title\" tabindex=\"0\">Tarife seviciile cabinet Control Profilactic<\/a>\n\t\t\t\t\t<\/div>\n\n\t\t\t\t\t<div id=\"elementor-tab-content-4721\" class=\"elementor-tab-content elementor-clearfix\" data-tab=\"1\" role=\"region\" aria-labelledby=\"elementor-tab-title-4721\"><table style=\"font-weight: 400;\">\n<tbody>\n<tr>\n<td>Nr.\n\ncrt.<\/td>\n<td>Denumii-eii serviciilor<\/td>\n<td>Unitatea dem\u0144sur4<\/td>\n<td>Tarifele (lei)<\/td>\n<\/tr>\n<tr>\n<td>1<\/td>\n<td>2<\/td>\n<td>3<\/td>\n<td>4<\/td>\n<\/tr>\n<tr>\n<td>&nbsp;<\/td>\n<td>CBpitolul D<\/td>\n<td>&nbsp;<\/td>\n<td>&nbsp;<\/td>\n<\/tr>\n<tr>\n<td>&nbsp;<\/td>\n<td><strong>SERV<\/strong> ICI I MEDICALE DE <strong>PROFI<\/strong> L G EN ERAL<\/td>\n<td>&nbsp;<\/td>\n<td>&nbsp;<\/td>\n<\/tr>\n<tr>\n<td>&nbsp;<\/td>\n<td><strong>b)<\/strong> <strong>ginecologie:<\/strong><\/td>\n<td>&nbsp;<\/td>\n<td>&nbsp;<\/td>\n<\/tr>\n<tr>\n<td>625.<\/td>\n<td>Recoltarea frotiului<\/td>\n<td>I procedur\u00e4<\/td>\n<td>18<\/td>\n<\/tr>\n<tr>\n<td>&nbsp;<\/td>\n<td>XI. Diagii ostic ul func\u021bional<\/td>\n<td>&nbsp;<\/td>\n<td>&nbsp;<\/td>\n<\/tr>\n<tr>\n<td>&nbsp;<\/td>\n<td>1. liivestiga\u021bii electroeai diogra\u0142\u2019ice<\/td>\n<td>&nbsp;<\/td>\n<td>&nbsp;<\/td>\n<\/tr>\n<tr>\n<td>984.<\/td>\n<td>Elecfi ocardiografin in stare de i epaos (12 deriva\u021bii)<\/td>\n<td>I pi ocedtii \u00e4<\/td>\n<td>52<\/td>\n<\/tr>\n<tr>\n<td>990.<\/td>\n<td>Descrierea elec1rocai\u2019\u2039liogrdirei de c\u00e4ti\u2019e medic<\/td>\n<td>1 descriere<\/td>\n<td>\u01426<\/td>\n<\/tr>\n<tr>\n<td>&nbsp;<\/td>\n<td>3. Invcstiga\u021bii ale fuiic\u021biei ventilii\u021biei pulmonnre<\/td>\n<td>&nbsp;<\/td>\n<td>&nbsp;<\/td>\n<\/tr>\n<tr>\n<td>1006.<\/td>\n<td>Spirografia \u015fi pneuinotahogi\u2019a fia (cut ba debit\/voluin)<\/td>\n<td>l investigate<\/td>\n<td>fi4<\/td>\n<\/tr>\n<tr>\n<td>&nbsp;<\/td>\n<td>XI I I. Ccrcet\u0103 i i i ontgendiagnostiee<\/td>\n<td>&nbsp;<\/td>\n<td>&nbsp;<\/td>\n<\/tr>\n<tr>\n<td>&nbsp;<\/td>\n<td>\u00f8) organele <strong>cutiei<\/strong> toracice<\/td>\n<td>&nbsp;<\/td>\n<td>&nbsp;<\/td>\n<\/tr>\n<tr>\n<td>1095.5.<\/td>\n<td>Radiografia cutter toracice, 8\u202210iu(20\u202224)-\u00ec, in regiin digitttl (f\u0103r\u00e4\n\ncostul filmului)<\/td>\n<td>1 exarninare<\/td>\n<td>&nbsp;<\/td>\n<\/tr>\n<tr>\n<td>1212.<\/td>\n<td>Consultai\u2019ea \u015fi descrierea radio\u00f8i \u00f8fiiloi \/1oinografii1oi\u2019 plane aleunei zone\/organ\/conzpartimsnt<\/td>\n<td>I examinare<\/td>\n<td>2 \u00ef<\/td>\n<\/tr>\n<tr>\n<td>&nbsp;<\/td>\n<td>XVI. lnvestigg\u021bii de l8hoi 8tur \u2014 <strong>xnxlize<\/strong> clinico-diqgnostice<\/td>\n<td>&nbsp;<\/td>\n<td>&nbsp;<\/td>\n<\/tr>\n<tr>\n<td>&nbsp;<\/td>\n<td>a) determinarea <strong>parRmet\u0142<\/strong> i\u0142or <strong>clinici<\/strong><\/td>\n<td>&nbsp;<\/td>\n<td>&nbsp;<\/td>\n<\/tr>\n<tr>\n<td>1518.<\/td>\n<td>Analiza generall a s\u00eengelui<\/td>\n<td>atializ\u0103<\/td>\n<td>75<\/td>\n<\/tr>\n<tr>\n<td>1535.<\/td>\n<td>Analiza genei\u2019al\u00e3 a urinei<\/td>\n<td>1 analiz8<\/td>\n<td>44<\/td>\n<\/tr>\n<tr>\n<td>16 l2.<\/td>\n<td>Dozarea glucozei<\/td>\n<td>&nbsp;<\/td>\n<td>t 9<\/td>\n<\/tr>\n<tr>\n<td>&nbsp;<\/td>\n<td><strong>m)<\/strong> <strong>list\u00ef\u0142<\/strong> serviciiloi\u201c acort\u0142Rt\u010d in <em>ca\u2039lru\u00ec<\/em> exainentilui me\u0142licgl<\/td>\n<td>&nbsp;<\/td>\n<td>&nbsp;<\/td>\n<\/tr>\n<tr>\n<td>1924.<\/td>\n<td>Examen medical periodic II cun\u0142ingcntu1ui periclitant<\/td>\n<td>I examen<\/td>\n<td>29<\/td>\n<\/tr>\n<tr>\n<td>1937.<\/td>\n<td>Examenul rnedicului inierni5t (terapevit), dermatovenerolog,\n\nstornatoJog, ORL<\/td>\n<td>1 vizit\u00e4<\/td>\n<td>16<\/td>\n<\/tr>\n<tr>\n<td>1938. x<\/td>\n<td>lnvestigarea s\u00eei gelr\u0142i la sit\u00eflis grin tJJetocta MkS, cu colectaiens\u00eengelui din clegcl<\/td>\n<td>&nbsp;<\/td>\n<td>19<\/td>\n<\/tr>\n<tr>\n<td>1939.<\/td>\n<td>Examenul frotittlui la gonoree<\/td>\n<td>I 8na1iz\u00e1<\/td>\n<td>48<\/td>\n<\/tr>\n<tr>\n<td>l7\u00f31.<\/td>\n<td>RPR<\/td>\n<td>analiz\u00e4<\/td>\n<td>&nbsp;<\/td>\n<\/tr>\n<tr>\n<td>18\u00f35.<\/td>\n<td>Recoliarea singelui din deget<\/td>\n<td>1 recoltare<\/td>\n<td>10<\/td>\n<\/tr>\n<\/tbody>\n<\/table>\n<a href=\"https:\/\/srialoveni.md\/wp-content\/uploads\/2023\/09\/Cabinet-control-profilactic.pdf\">Document PDF<\/a><\/div>\n\t\t\t\t<\/div>\n\t\t\t\t\t\t\t\t<\/div>\n\t\t\t\t\t\t<\/div>\n\t\t\t\t<\/div>\n\t\t\t\t\t<\/div>\n\t\t<\/div>\n\t\t\t\t\t<\/div>\n\t\t<\/section>\n\t\t\t\t<\/div>\n\t\t","protected":false},"excerpt":{"rendered":"<p>Tarife de spitalizare Extras din Catalogul Tarifelor Unice Tarife seviciile cabinet Control Profilactic Nr. crt. Denumii-eii serviciilor Unitatea dem\u0144sur4 Tarifele (lei) 1 2 3 4 &nbsp; CBpitolul D &nbsp; &nbsp; &nbsp; SERV ICI I MEDICALE DE PROFI L G EN ERAL &nbsp; &nbsp; &nbsp; b) ginecologie: &nbsp; &nbsp; 625. Recoltarea frotiului I procedur\u00e4 18 &nbsp; [&hellip;]<\/p>\n","protected":false},"author":1,"featured_media":0,"parent":0,"menu_order":0,"comment_status":"closed","ping_status":"closed","template":"","meta":{"site-sidebar-layout":"no-sidebar","site-content-layout":"page-builder","ast-site-content-layout":"","site-content-style":"default","site-sidebar-style":"default","ast-global-header-display":"","ast-banner-title-visibility":"","ast-main-header-display":"","ast-hfb-above-header-display":"","ast-hfb-below-header-display":"","ast-hfb-mobile-header-display":"","site-post-title":"disabled","ast-breadcrumbs-content":"","ast-featured-img":"disabled","footer-sml-layout":"","theme-transparent-header-meta":"default","adv-header-id-meta":"","stick-header-meta":"","header-above-stick-meta":"","header-main-stick-meta":"","header-below-stick-meta":"","astra-migrate-meta-layouts":"default","ast-page-background-enabled":"default","ast-page-background-meta":{"desktop":{"background-color":"var(--ast-global-color-4)","background-image":"","background-repeat":"repeat","background-position":"center center","background-size":"auto","background-attachment":"scroll","background-type":"","background-media":"","overlay-type":"","overlay-color":"","overlay-opacity":"","overlay-gradient":""},"tablet":{"background-color":"","background-image":"","background-repeat":"repeat","background-position":"center center","background-size":"auto","background-attachment":"scroll","background-type":"","background-media":"","overlay-type":"","overlay-color":"","overlay-opacity":"","overlay-gradient":""},"mobile":{"background-color":"","background-image":"","background-repeat":"repeat","background-position":"center center","background-size":"auto","background-attachment":"scroll","background-type":"","background-media":"","overlay-type":"","overlay-color":"","overlay-opacity":"","overlay-gradient":""}},"ast-content-background-meta":{"desktop":{"background-color":"var(--ast-global-color-5)","background-image":"","background-repeat":"repeat","background-position":"center center","background-size":"auto","background-attachment":"scroll","background-type":"","background-media":"","overlay-type":"","overlay-color":"","overlay-opacity":"","overlay-gradient":""},"tablet":{"background-color":"var(--ast-global-color-5)","background-image":"","background-repeat":"repeat","background-position":"center center","background-size":"auto","background-attachment":"scroll","background-type":"","background-media":"","overlay-type":"","overlay-color":"","overlay-opacity":"","overlay-gradient":""},"mobile":{"background-color":"var(--ast-global-color-5)","background-image":"","background-repeat":"repeat","background-position":"center center","background-size":"auto","background-attachment":"scroll","background-type":"","background-media":"","overlay-type":"","overlay-color":"","overlay-opacity":"","overlay-gradient":""}},"footnotes":""},"class_list":["post-451","page","type-page","status-publish","hentry"],"_links":{"self":[{"href":"https:\/\/srialoveni.weblucas.info\/index.php?rest_route=\/wp\/v2\/pages\/451","targetHints":{"allow":["GET"]}}],"collection":[{"href":"https:\/\/srialoveni.weblucas.info\/index.php?rest_route=\/wp\/v2\/pages"}],"about":[{"href":"https:\/\/srialoveni.weblucas.info\/index.php?rest_route=\/wp\/v2\/types\/page"}],"author":[{"embeddable":true,"href":"https:\/\/srialoveni.weblucas.info\/index.php?rest_route=\/wp\/v2\/users\/1"}],"replies":[{"embeddable":true,"href":"https:\/\/srialoveni.weblucas.info\/index.php?rest_route=%2Fwp%2Fv2%2Fcomments&post=451"}],"version-history":[{"count":18,"href":"https:\/\/srialoveni.weblucas.info\/index.php?rest_route=\/wp\/v2\/pages\/451\/revisions"}],"predecessor-version":[{"id":1123,"href":"https:\/\/srialoveni.weblucas.info\/index.php?rest_route=\/wp\/v2\/pages\/451\/revisions\/1123"}],"wp:attachment":[{"href":"https:\/\/srialoveni.weblucas.info\/index.php?rest_route=%2Fwp%2Fv2%2Fmedia&parent=451"}],"curies":[{"name":"wp","href":"https:\/\/api.w.org\/{rel}","templated":true}]}}