{"id":372,"date":"2021-04-14T18:44:22","date_gmt":"2021-04-14T15:44:22","guid":{"rendered":"https:\/\/srialoveni.md\/?page_id=372"},"modified":"2023-05-12T17:27:53","modified_gmt":"2023-05-12T15:27:53","slug":"conducerea","status":"publish","type":"page","link":"https:\/\/srialoveni.weblucas.info\/?page_id=372","title":{"rendered":"Conducerea"},"content":{"rendered":"<h2>Conducerea<\/h2>\n<p><img loading=\"lazy\" decoding=\"async\" width=\"282\" height=\"381\" src=\"https:\/\/srialoveni.md\/wp-content\/uploads\/2021\/06\/SARGU-Dinu.jpg\" alt=\"\" loading=\"lazy\" srcset=\"https:\/\/srialoveni.md\/wp-content\/uploads\/2021\/06\/SARGU-Dinu.jpg 282w, https:\/\/srialoveni.md\/wp-content\/uploads\/2021\/06\/SARGU-Dinu-222x300.jpg 222w\" sizes=\"auto, (max-width: 282px) 100vw, 282px\"><\/p>\n<h3>Director IMSP Spitalul raional Ialoveni<\/h3>\n<p><strong>\u0218ARGU Dinu \u2013&nbsp;<\/strong>Vechime \u00een munc\u0103 pe specialitate 28 de ani. Desemnat \u00een func\u021bie de director dup\u0103 sus\u021binerea probei de concurs, \u00een temeiul Procesului-verbal al \u0219edin\u021bei Comisiei de concurs al MSMPS, pentru ocuparea func\u021biei de director al IMSP SR Ialoveni nr. 2 din 13.08.2020 \u0219i a Deciziei Consiliului Raional Ialoveni nr. 04-18 din 26.08.2020, \u00een baza unui contract de management \u00eencheiat cu Consiliul Raional Ialoveni pe un termen de 5 ani. A absolvit medicina curativ\u0103, de\u021bine categoria superioar\u0103 \u00een management sanitar din anul 2013<\/p>\n","protected":false},"excerpt":{"rendered":"<p>Conducerea Director IMSP Spitalul raional Ialoveni \u0218ARGU Dinu \u2013&nbsp;Vechime \u00een munc\u0103 pe specialitate 28 de ani. Desemnat \u00een func\u021bie de director dup\u0103 sus\u021binerea probei de concurs, \u00een temeiul Procesului-verbal al \u0219edin\u021bei Comisiei de concurs al MSMPS, pentru ocuparea func\u021biei de director al IMSP SR Ialoveni nr. 2 din 13.08.2020 \u0219i a Deciziei Consiliului Raional Ialoveni [&hellip;]<\/p>\n","protected":false},"author":1,"featured_media":0,"parent":0,"menu_order":0,"comment_status":"closed","ping_status":"closed","template":"","meta":{"site-sidebar-layout":"no-sidebar","site-content-layout":"page-builder","ast-site-content-layout":"","site-content-style":"default","site-sidebar-style":"default","ast-global-header-display":"","ast-banner-title-visibility":"","ast-main-header-display":"","ast-hfb-above-header-display":"","ast-hfb-below-header-display":"","ast-hfb-mobile-header-display":"","site-post-title":"disabled","ast-breadcrumbs-content":"","ast-featured-img":"disabled","footer-sml-layout":"","theme-transparent-header-meta":"default","adv-header-id-meta":"","stick-header-meta":"","header-above-stick-meta":"","header-main-stick-meta":"","header-below-stick-meta":"","astra-migrate-meta-layouts":"default","ast-page-background-enabled":"default","ast-page-background-meta":{"desktop":{"background-color":"var(--ast-global-color-4)","background-image":"","background-repeat":"repeat","background-position":"center center","background-size":"auto","background-attachment":"scroll","background-type":"","background-media":"","overlay-type":"","overlay-color":"","overlay-opacity":"","overlay-gradient":""},"tablet":{"background-color":"","background-image":"","background-repeat":"repeat","background-position":"center center","background-size":"auto","background-attachment":"scroll","background-type":"","background-media":"","overlay-type":"","overlay-color":"","overlay-opacity":"","overlay-gradient":""},"mobile":{"background-color":"","background-image":"","background-repeat":"repeat","background-position":"center center","background-size":"auto","background-attachment":"scroll","background-type":"","background-media":"","overlay-type":"","overlay-color":"","overlay-opacity":"","overlay-gradient":""}},"ast-content-background-meta":{"desktop":{"background-color":"var(--ast-global-color-5)","background-image":"","background-repeat":"repeat","background-position":"center center","background-size":"auto","background-attachment":"scroll","background-type":"","background-media":"","overlay-type":"","overlay-color":"","overlay-opacity":"","overlay-gradient":""},"tablet":{"background-color":"var(--ast-global-color-5)","background-image":"","background-repeat":"repeat","background-position":"center center","background-size":"auto","background-attachment":"scroll","background-type":"","background-media":"","overlay-type":"","overlay-color":"","overlay-opacity":"","overlay-gradient":""},"mobile":{"background-color":"var(--ast-global-color-5)","background-image":"","background-repeat":"repeat","background-position":"center center","background-size":"auto","background-attachment":"scroll","background-type":"","background-media":"","overlay-type":"","overlay-color":"","overlay-opacity":"","overlay-gradient":""}},"footnotes":""},"class_list":["post-372","page","type-page","status-publish","hentry"],"_links":{"self":[{"href":"https:\/\/srialoveni.weblucas.info\/index.php?rest_route=\/wp\/v2\/pages\/372","targetHints":{"allow":["GET"]}}],"collection":[{"href":"https:\/\/srialoveni.weblucas.info\/index.php?rest_route=\/wp\/v2\/pages"}],"about":[{"href":"https:\/\/srialoveni.weblucas.info\/index.php?rest_route=\/wp\/v2\/types\/page"}],"author":[{"embeddable":true,"href":"https:\/\/srialoveni.weblucas.info\/index.php?rest_route=\/wp\/v2\/users\/1"}],"replies":[{"embeddable":true,"href":"https:\/\/srialoveni.weblucas.info\/index.php?rest_route=%2Fwp%2Fv2%2Fcomments&post=372"}],"version-history":[{"count":14,"href":"https:\/\/srialoveni.weblucas.info\/index.php?rest_route=\/wp\/v2\/pages\/372\/revisions"}],"predecessor-version":[{"id":893,"href":"https:\/\/srialoveni.weblucas.info\/index.php?rest_route=\/wp\/v2\/pages\/372\/revisions\/893"}],"wp:attachment":[{"href":"https:\/\/srialoveni.weblucas.info\/index.php?rest_route=%2Fwp%2Fv2%2Fmedia&parent=372"}],"curies":[{"name":"wp","href":"https:\/\/api.w.org\/{rel}","templated":true}]}}