{"id":360,"date":"2021-04-13T23:11:12","date_gmt":"2021-04-13T20:11:12","guid":{"rendered":"https:\/\/srialoveni.md\/?page_id=360"},"modified":"2021-12-30T23:15:00","modified_gmt":"2021-12-30T21:15:00","slug":"istoria","status":"publish","type":"page","link":"https:\/\/srialoveni.weblucas.info\/?page_id=360","title":{"rendered":"Istoria"},"content":{"rendered":"\t\t<div data-elementor-type=\"wp-page\" data-elementor-id=\"360\" class=\"elementor elementor-360\">\n\t\t\t\t\t\t<section class=\"elementor-section elementor-top-section elementor-element elementor-element-6b8994f elementor-section-boxed elementor-section-height-default elementor-section-height-default\" data-id=\"6b8994f\" data-element_type=\"section\" data-e-type=\"section\">\n\t\t\t\t\t\t<div class=\"elementor-container elementor-column-gap-default\">\n\t\t\t\t\t<div class=\"elementor-column elementor-col-100 elementor-top-column elementor-element elementor-element-78bc1e6\" data-id=\"78bc1e6\" data-element_type=\"column\" data-e-type=\"column\">\n\t\t\t<div class=\"elementor-widget-wrap elementor-element-populated\">\n\t\t\t\t\t\t<div class=\"elementor-element elementor-element-a8f8f57 elementor-widget elementor-widget-heading\" data-id=\"a8f8f57\" data-element_type=\"widget\" data-e-type=\"widget\" data-widget_type=\"heading.default\">\n\t\t\t\t<div class=\"elementor-widget-container\">\n\t\t\t\t\t<h2 class=\"elementor-heading-title elementor-size-default\">Istoria<\/h2>\t\t\t\t<\/div>\n\t\t\t\t<\/div>\n\t\t\t\t<div class=\"elementor-element elementor-element-b3260cc elementor-widget-divider--view-line elementor-widget elementor-widget-divider\" data-id=\"b3260cc\" data-element_type=\"widget\" data-e-type=\"widget\" data-widget_type=\"divider.default\">\n\t\t\t\t<div class=\"elementor-widget-container\">\n\t\t\t\t\t\t\t<div class=\"elementor-divider\">\n\t\t\t<span class=\"elementor-divider-separator\">\n\t\t\t\t\t\t<\/span>\n\t\t<\/div>\n\t\t\t\t\t\t<\/div>\n\t\t\t\t<\/div>\n\t\t\t\t<div class=\"elementor-element elementor-element-680490e elementor-widget elementor-widget-heading\" data-id=\"680490e\" data-element_type=\"widget\" data-e-type=\"widget\" data-widget_type=\"heading.default\">\n\t\t\t\t<div class=\"elementor-widget-container\">\n\t\t\t\t\t<h3 class=\"elementor-heading-title elementor-size-default\">Dotarea sec\u021biei de reabilitare medical\u0103 \u0219i medici\u0103 fizic\u0103<\/h3>\t\t\t\t<\/div>\n\t\t\t\t<\/div>\n\t\t\t\t<div class=\"elementor-element elementor-element-97211cf elementor-widget elementor-widget-heading\" data-id=\"97211cf\" data-element_type=\"widget\" data-e-type=\"widget\" data-widget_type=\"heading.default\">\n\t\t\t\t<div class=\"elementor-widget-container\">\n\t\t\t\t\t<h2 class=\"elementor-heading-title elementor-size-default\">Dotarea sec\u021biei de reabilitare medical\u0103 \u0219i medici\u0103 fizic\u0103<\/h2>\t\t\t\t<\/div>\n\t\t\t\t<\/div>\n\t\t\t\t<div class=\"elementor-element elementor-element-0b06170 elementor-widget elementor-widget-text-editor\" data-id=\"0b06170\" data-element_type=\"widget\" data-e-type=\"widget\" data-widget_type=\"text-editor.default\">\n\t\t\t\t<div class=\"elementor-widget-container\">\n\t\t\t\t\t\t\t\t\t\n\nEchipament fizioterapeutic modern a fost procurat cu suportul financiar al Consiliului Raional Ialoveni pentru dotarea sec\u021biei de Reabilitare Medical\u0103\u00a0 \u0219i Medici\u0103\u00a0 Fizic\u0103.\n\n<span style=\"font-style: inherit; font-weight: inherit;\">\u00a0Au fost procurate urm\u0103toarele dispositive medicale:<\/span>\n<ul>\n \t<li>Aparat pentru magnetoterapie (de frecven\u021b\u0103 joas\u0103), sta\u021bionar Almag02 \u2013 2 buc.<\/li>\n \t<li>Aparat pentru galvanizare \u0219i electroforez\u0103 medicamentoas\u0103 Potok 1 &#8212;\u00a0 6 buc.<\/li>\n \t<li>Unitate modern\u0103 de terapie cu ultrasunete, Sonotronic US2 \u2013 3 buc.<\/li>\n \t<li>Dispozitiv pentru terapie cu curen\u021bi de frecven\u021b\u0103 joas\u0103 \u0219i medie, Refton FLS \u2013 1 buc.<\/li>\n \t<li>Dispozitiv cu curen\u021bi sinusoidali modula\u021bi, Amplipuls 5 DC \u2013 2 buc.<\/li>\n \t<li>Aparat pentru darsonvalizare Iscra \u2013 4 ADM<\/li>\n \t<li>Iradiator UV pe stativ pentru pacien\u021bi ORKn \u2013 1 buc.<\/li>\n \t<li>Aparat de magnetoterapie portabil cu frecven\u021b\u0103 joas\u0103 MAG 30\u00a0 &#8212; 1 buc.<\/li>\n \t<li>Aparat de magnetoterapie AMNP01 \u2013 1 buc<\/li>\n \t<li>Dispozitiv cu laser pentru fizioterapie Rikta 04\/4 \u2013 1 buc<\/li>\n \t<li>Dinamometru pentru m\u00e2ini eletronic cu ecran LED, Camry EH101 \u2013 1 buc<\/li>\n \t<li>Unitate pentru antrenarea m\u00eenilor, rotativ \u2013 2 buc<\/li>\n \t<li>Mingi gonflabile de cauciuc \u2013 3 buc.<\/li>\n \t<li>Aparat cu unde scurte UVC \u2013 60 \u2013 1 buc<\/li>\n \t<li>Aparat fitness cu pedalier\u0103 pentru reabilitare \u2013 1 buc<\/li>\n<img fetchpriority=\"high\" decoding=\"async\" class=\"alignnone size-medium wp-image-615\" src=\"https:\/\/srialoveni.md\/wp-content\/uploads\/2021\/12\/264331677_446078653782590_9144258915016843092_n-300x225.jpg\" alt=\"\" width=\"300\" height=\"225\" srcset=\"https:\/\/srialoveni.weblucas.info\/wp-content\/uploads\/2021\/12\/264331677_446078653782590_9144258915016843092_n-300x225.jpg 300w, https:\/\/srialoveni.weblucas.info\/wp-content\/uploads\/2021\/12\/264331677_446078653782590_9144258915016843092_n-768x576.jpg 768w, https:\/\/srialoveni.weblucas.info\/wp-content\/uploads\/2021\/12\/264331677_446078653782590_9144258915016843092_n.jpg 960w\" sizes=\"(max-width: 300px) 100vw, 300px\" \/> <img decoding=\"async\" class=\"alignnone size-medium wp-image-616\" src=\"https:\/\/srialoveni.md\/wp-content\/uploads\/2021\/12\/264960025_1547021002320251_7777060090953198976_n-300x225.jpg\" alt=\"\" width=\"300\" height=\"225\" srcset=\"https:\/\/srialoveni.weblucas.info\/wp-content\/uploads\/2021\/12\/264960025_1547021002320251_7777060090953198976_n-300x225.jpg 300w, https:\/\/srialoveni.weblucas.info\/wp-content\/uploads\/2021\/12\/264960025_1547021002320251_7777060090953198976_n-768x576.jpg 768w, https:\/\/srialoveni.weblucas.info\/wp-content\/uploads\/2021\/12\/264960025_1547021002320251_7777060090953198976_n.jpg 960w\" sizes=\"(max-width: 300px) 100vw, 300px\" \/> <img decoding=\"async\" class=\"alignnone size-medium wp-image-617\" src=\"https:\/\/srialoveni.md\/wp-content\/uploads\/2021\/12\/265352065_283941440244935_6460523946083724780_n-300x225.jpg\" alt=\"\" width=\"300\" height=\"225\" srcset=\"https:\/\/srialoveni.weblucas.info\/wp-content\/uploads\/2021\/12\/265352065_283941440244935_6460523946083724780_n-300x225.jpg 300w, https:\/\/srialoveni.weblucas.info\/wp-content\/uploads\/2021\/12\/265352065_283941440244935_6460523946083724780_n-768x576.jpg 768w, https:\/\/srialoveni.weblucas.info\/wp-content\/uploads\/2021\/12\/265352065_283941440244935_6460523946083724780_n.jpg 960w\" sizes=\"(max-width: 300px) 100vw, 300px\" \/> <img loading=\"lazy\" decoding=\"async\" class=\"alignnone size-medium wp-image-618\" src=\"https:\/\/srialoveni.md\/wp-content\/uploads\/2021\/12\/265973465_609377783682932_8639388568790570756_n-300x225.jpg\" alt=\"\" width=\"300\" height=\"225\" srcset=\"https:\/\/srialoveni.weblucas.info\/wp-content\/uploads\/2021\/12\/265973465_609377783682932_8639388568790570756_n-300x225.jpg 300w, https:\/\/srialoveni.weblucas.info\/wp-content\/uploads\/2021\/12\/265973465_609377783682932_8639388568790570756_n-768x576.jpg 768w, https:\/\/srialoveni.weblucas.info\/wp-content\/uploads\/2021\/12\/265973465_609377783682932_8639388568790570756_n.jpg 960w\" sizes=\"(max-width: 300px) 100vw, 300px\" \/> <img loading=\"lazy\" decoding=\"async\" class=\"alignnone size-medium wp-image-619\" src=\"https:\/\/srialoveni.md\/wp-content\/uploads\/2021\/12\/266306753_393730369109519_2387755041028567907_n-300x225.jpg\" alt=\"\" width=\"300\" height=\"225\" srcset=\"https:\/\/srialoveni.weblucas.info\/wp-content\/uploads\/2021\/12\/266306753_393730369109519_2387755041028567907_n-300x225.jpg 300w, https:\/\/srialoveni.weblucas.info\/wp-content\/uploads\/2021\/12\/266306753_393730369109519_2387755041028567907_n-768x576.jpg 768w, https:\/\/srialoveni.weblucas.info\/wp-content\/uploads\/2021\/12\/266306753_393730369109519_2387755041028567907_n.jpg 960w\" sizes=\"(max-width: 300px) 100vw, 300px\" \/> <img loading=\"lazy\" decoding=\"async\" class=\"alignnone size-medium wp-image-620\" src=\"https:\/\/srialoveni.md\/wp-content\/uploads\/2021\/12\/266330614_588847318843610_5759443329511561901_n-300x225.jpg\" alt=\"\" width=\"300\" height=\"225\" srcset=\"https:\/\/srialoveni.weblucas.info\/wp-content\/uploads\/2021\/12\/266330614_588847318843610_5759443329511561901_n-300x225.jpg 300w, https:\/\/srialoveni.weblucas.info\/wp-content\/uploads\/2021\/12\/266330614_588847318843610_5759443329511561901_n-768x576.jpg 768w, https:\/\/srialoveni.weblucas.info\/wp-content\/uploads\/2021\/12\/266330614_588847318843610_5759443329511561901_n.jpg 960w\" sizes=\"(max-width: 300px) 100vw, 300px\" \/> <img loading=\"lazy\" decoding=\"async\" class=\"alignnone size-medium wp-image-621\" src=\"https:\/\/srialoveni.md\/wp-content\/uploads\/2021\/12\/267364010_686246612362719_9044590092777472955_n-300x225.jpg\" alt=\"\" width=\"300\" height=\"225\" srcset=\"https:\/\/srialoveni.weblucas.info\/wp-content\/uploads\/2021\/12\/267364010_686246612362719_9044590092777472955_n-300x225.jpg 300w, https:\/\/srialoveni.weblucas.info\/wp-content\/uploads\/2021\/12\/267364010_686246612362719_9044590092777472955_n-768x576.jpg 768w, https:\/\/srialoveni.weblucas.info\/wp-content\/uploads\/2021\/12\/267364010_686246612362719_9044590092777472955_n.jpg 960w\" sizes=\"(max-width: 300px) 100vw, 300px\" \/> <img loading=\"lazy\" decoding=\"async\" class=\"alignnone size-medium wp-image-622\" src=\"https:\/\/srialoveni.md\/wp-content\/uploads\/2021\/12\/267914087_609584843482973_4394650357565020399_n-300x225.jpg\" alt=\"\" width=\"300\" height=\"225\" srcset=\"https:\/\/srialoveni.weblucas.info\/wp-content\/uploads\/2021\/12\/267914087_609584843482973_4394650357565020399_n-300x225.jpg 300w, https:\/\/srialoveni.weblucas.info\/wp-content\/uploads\/2021\/12\/267914087_609584843482973_4394650357565020399_n-768x576.jpg 768w, https:\/\/srialoveni.weblucas.info\/wp-content\/uploads\/2021\/12\/267914087_609584843482973_4394650357565020399_n.jpg 960w\" sizes=\"(max-width: 300px) 100vw, 300px\" \/> <img loading=\"lazy\" decoding=\"async\" class=\"alignnone size-medium wp-image-623\" src=\"https:\/\/srialoveni.md\/wp-content\/uploads\/2021\/12\/268155990_1247590342412488_7593298339677384721_n-300x225.jpg\" alt=\"\" width=\"300\" height=\"225\" srcset=\"https:\/\/srialoveni.weblucas.info\/wp-content\/uploads\/2021\/12\/268155990_1247590342412488_7593298339677384721_n-300x225.jpg 300w, https:\/\/srialoveni.weblucas.info\/wp-content\/uploads\/2021\/12\/268155990_1247590342412488_7593298339677384721_n-768x576.jpg 768w, https:\/\/srialoveni.weblucas.info\/wp-content\/uploads\/2021\/12\/268155990_1247590342412488_7593298339677384721_n.jpg 960w\" sizes=\"(max-width: 300px) 100vw, 300px\" \/> <img loading=\"lazy\" decoding=\"async\" class=\"alignnone size-medium wp-image-624\" src=\"https:\/\/srialoveni.md\/wp-content\/uploads\/2021\/12\/268992821_904422407105718_863762234156029635_n-300x225.jpg\" alt=\"\" width=\"300\" height=\"225\" srcset=\"https:\/\/srialoveni.weblucas.info\/wp-content\/uploads\/2021\/12\/268992821_904422407105718_863762234156029635_n-300x225.jpg 300w, https:\/\/srialoveni.weblucas.info\/wp-content\/uploads\/2021\/12\/268992821_904422407105718_863762234156029635_n-768x576.jpg 768w, https:\/\/srialoveni.weblucas.info\/wp-content\/uploads\/2021\/12\/268992821_904422407105718_863762234156029635_n.jpg 960w\" sizes=\"(max-width: 300px) 100vw, 300px\" \/> <img loading=\"lazy\" decoding=\"async\" class=\"alignnone size-medium wp-image-625\" src=\"https:\/\/srialoveni.md\/wp-content\/uploads\/2021\/12\/269386165_1082428895932988_2207197457636527762_n-300x225.jpg\" alt=\"\" width=\"300\" height=\"225\" srcset=\"https:\/\/srialoveni.weblucas.info\/wp-content\/uploads\/2021\/12\/269386165_1082428895932988_2207197457636527762_n-300x225.jpg 300w, https:\/\/srialoveni.weblucas.info\/wp-content\/uploads\/2021\/12\/269386165_1082428895932988_2207197457636527762_n-768x576.jpg 768w, https:\/\/srialoveni.weblucas.info\/wp-content\/uploads\/2021\/12\/269386165_1082428895932988_2207197457636527762_n.jpg 960w\" sizes=\"(max-width: 300px) 100vw, 300px\" \/>\n<\/ul>\t\t\t\t\t\t\t\t<\/div>\n\t\t\t\t<\/div>\n\t\t\t\t<div class=\"elementor-element elementor-element-1ae3143 elementor-widget elementor-widget-heading\" data-id=\"1ae3143\" data-element_type=\"widget\" data-e-type=\"widget\" data-widget_type=\"heading.default\">\n\t\t\t\t<div class=\"elementor-widget-container\">\n\t\t\t\t\t<h3 class=\"elementor-heading-title elementor-size-default\">INSTITU\u021aIA MEDICO-SANITAR\u0102 PUBLIC\u0102 \u201dSPITALUL RAIONAL IALOVENI\u201d REPUBLICA MOLDOVA<\/h3>\t\t\t\t<\/div>\n\t\t\t\t<\/div>\n\t\t\t\t<div class=\"elementor-element elementor-element-5377b4a elementor-widget elementor-widget-text-editor\" data-id=\"5377b4a\" data-element_type=\"widget\" data-e-type=\"widget\" data-widget_type=\"text-editor.default\">\n\t\t\t\t<div class=\"elementor-widget-container\">\n\t\t\t\t\t\t\t\t\t<p>Institu\u0163ia Medico-Sanitar\u0103 public\u0103 Spitalul Raional Ialoveni cu sediul \u00een or. Ialoveni str. Alexandru cel Bun 7, \u00een trecut Spitalul Raional central Cutuzov, ulterior Spitalul Raional central Ialoveni \u0219i Spitalul Raional Ialoveni conform multiplelor reforme \u0219i delimit\u0103ri juridice.<\/p>\n<p>Prin Hot\u0103r\u00eerea Sovetului Suprem a RSSM din 19.05.1989 nr. 2345-XI, raionul Cutuzov a fost reorganizat \u00een raionul Ialoveni.<\/p>\n<p>Din 01.01.2004&nbsp; Spitalul raional Ialoveni a fost reorganizat \u00een Institu\u0163ia Medico Sanitar\u0103 Public\u0103 \u201eSpitalul raional Ialoveni\u201d.<\/p>\n<p>Activitatea institu\u021biei este asigurat\u0103 de urm\u0103toarele organe de administrare \u015fi de control:<\/p>\n<ol>\n<li>Fondatorul-Consiliul Raional Ialoveni. (Fondatorul este autoritatea suprem\u0103 de administrare al IMSP).<\/li>\n<li>Ministerul S\u0103n\u0103t\u0103\u0163ii Muncii \u0219i Protec\u021biei Sociale al Republicii Moldova (asigur\u0103 respectarea politicilor de s\u0103n\u0103tate a Statului).<\/li>\n<li>Directorul (administrator de resurse).<\/li>\n<\/ol>\t\t\t\t\t\t\t\t<\/div>\n\t\t\t\t<\/div>\n\t\t\t\t<div class=\"elementor-element elementor-element-486e258 elementor-widget elementor-widget-heading\" data-id=\"486e258\" data-element_type=\"widget\" data-e-type=\"widget\" data-widget_type=\"heading.default\">\n\t\t\t\t<div class=\"elementor-widget-container\">\n\t\t\t\t\t<h3 class=\"elementor-heading-title elementor-size-default\">Structura IMSP Spitalul raional Ialoveni :<\/h3>\t\t\t\t<\/div>\n\t\t\t\t<\/div>\n\t\t\t\t<div class=\"elementor-element elementor-element-4a4b51c elementor-widget elementor-widget-heading\" data-id=\"4a4b51c\" data-element_type=\"widget\" data-e-type=\"widget\" data-widget_type=\"heading.default\">\n\t\t\t\t<div class=\"elementor-widget-container\">\n\t\t\t\t\t<h3 class=\"elementor-heading-title elementor-size-default\">\u0412Asisten\u0163a medical\u0103 spitaliceasc\u0103:<\/h3>\t\t\t\t<\/div>\n\t\t\t\t<\/div>\n\t\t\t\t<div class=\"elementor-element elementor-element-b30e9f6 elementor-widget elementor-widget-text-editor\" data-id=\"b30e9f6\" data-element_type=\"widget\" data-e-type=\"widget\" data-widget_type=\"text-editor.default\">\n\t\t\t\t<div class=\"elementor-widget-container\">\n\t\t\t\t\t\t\t\t\t<ul><li>ec\u0163ia internare<\/li><li>Sec\u0163ia terapie acut\u0103<\/li><li>Sec\u0163ia \u00eengrijiri cronice<\/li><li>Sec\u0163ia pediatrie<\/li><li>Sec\u0163ia obstetrico-genicologic\u0103<\/li><li>Sec\u0163ia laboratorul\u00a0 clinic-diagnostic<\/li><li>Farmacia spitaliciasc\u0103<\/li><li>Sec\u0163ia informatic\u0103 \u015fi statistic\u0103 medical\u0103<\/li><li>Administra\u0163ia \u2013serviciile centralizate:<\/li><\/ul><p>\u2013 contabilitatea;<\/p><p>\u2013 serviciu economic;<\/p><p>\u2013 serviciu juridic;<\/p><p>\u2013 serviciu resurse umane;<\/p><p>\u2013 serviciu tehnic \u0219i gospod\u0103rie.<\/p>\t\t\t\t\t\t\t\t<\/div>\n\t\t\t\t<\/div>\n\t\t\t\t<div class=\"elementor-element elementor-element-030bc3f elementor-widget elementor-widget-heading\" data-id=\"030bc3f\" data-element_type=\"widget\" data-e-type=\"widget\" data-widget_type=\"heading.default\">\n\t\t\t\t<div class=\"elementor-widget-container\">\n\t\t\t\t\t<h3 class=\"elementor-heading-title elementor-size-default\">Asisten\u0163a medical\u0103 specializat\u0103 de ambulator:<\/h3>\t\t\t\t<\/div>\n\t\t\t\t<\/div>\n\t\t\t\t<div class=\"elementor-element elementor-element-aed0823 elementor-widget elementor-widget-text-editor\" data-id=\"aed0823\" data-element_type=\"widget\" data-e-type=\"widget\" data-widget_type=\"text-editor.default\">\n\t\t\t\t<div class=\"elementor-widget-container\">\n\t\t\t\t\t\t\t\t\t<ul><li>Sec\u0163ia consultativ\u0103<\/li><li>Sec\u0163ia recuperare medical\u0103 \u0219i medicin\u0103 fizic\u0103<\/li><li>Sec\u021bia ftiziopneumologie<\/li><li>Sec\u0163ia imagistic\u0103<\/li><li>Centrul Comunitar pentru sus\u021binerea tratamentului \u00a0bolnavilor de tuberculoz\u0103<\/li><li>Cabinetul control prifilactic la autogestiune<\/li><\/ul><p>\u00cen temeiul Deciziei Consiliului Raional Ialoveni nr. 07-16 din 12.12.2013 \u0219i a ordinului Ministerului S\u0103n\u0103t\u0103\u021bii al RM nr. 244 din 13.03.2013, din 02 ianuarie 2014 \u2013\u00a0 sec\u021bia stomatologie de la asisten\u021ba medical\u0103 specializat\u0103 de ambulator s-ae transferat din cadrul IMSP SR Ialoveni la autogestiune total\u0103 prin fondarea \u00centreprinderii Municipale Centrul stomatologic raional Ialoveni, cu activitate desinest\u0103t\u0103toare.<\/p><p>Ast\u0103zi spitalul are o capacitate de 110 paturi spitalice\u0219ti \u0219i circa 1000 de vizite \u00een asisten\u021ba medical\u0103 specializat\u0103 de ambulator.<\/p>\t\t\t\t\t\t\t\t<\/div>\n\t\t\t\t<\/div>\n\t\t\t\t\t<\/div>\n\t\t<\/div>\n\t\t\t\t\t<\/div>\n\t\t<\/section>\n\t\t\t\t<\/div>\n\t\t","protected":false},"excerpt":{"rendered":"<p>Istoria Dotarea sec\u021biei de reabilitare medical\u0103 \u0219i medici\u0103 fizic\u0103 Dotarea sec\u021biei de reabilitare medical\u0103 \u0219i medici\u0103 fizic\u0103 Echipament fizioterapeutic modern a fost procurat cu suportul financiar al Consiliului Raional Ialoveni pentru dotarea sec\u021biei de Reabilitare Medical\u0103\u00a0 \u0219i Medici\u0103\u00a0 Fizic\u0103. \u00a0Au fost procurate urm\u0103toarele dispositive medicale: Aparat pentru magnetoterapie (de frecven\u021b\u0103 joas\u0103), sta\u021bionar Almag02 \u2013 2 [&hellip;]<\/p>\n","protected":false},"author":1,"featured_media":0,"parent":0,"menu_order":0,"comment_status":"closed","ping_status":"closed","template":"","meta":{"site-sidebar-layout":"no-sidebar","site-content-layout":"page-builder","ast-site-content-layout":"","site-content-style":"default","site-sidebar-style":"default","ast-global-header-display":"","ast-banner-title-visibility":"","ast-main-header-display":"","ast-hfb-above-header-display":"","ast-hfb-below-header-display":"","ast-hfb-mobile-header-display":"","site-post-title":"disabled","ast-breadcrumbs-content":"","ast-featured-img":"disabled","footer-sml-layout":"","theme-transparent-header-meta":"default","adv-header-id-meta":"","stick-header-meta":"","header-above-stick-meta":"","header-main-stick-meta":"","header-below-stick-meta":"","astra-migrate-meta-layouts":"default","ast-page-background-enabled":"default","ast-page-background-meta":{"desktop":{"background-color":"var(--ast-global-color-4)","background-image":"","background-repeat":"repeat","background-position":"center center","background-size":"auto","background-attachment":"scroll","background-type":"","background-media":"","overlay-type":"","overlay-color":"","overlay-opacity":"","overlay-gradient":""},"tablet":{"background-color":"","background-image":"","background-repeat":"repeat","background-position":"center center","background-size":"auto","background-attachment":"scroll","background-type":"","background-media":"","overlay-type":"","overlay-color":"","overlay-opacity":"","overlay-gradient":""},"mobile":{"background-color":"","background-image":"","background-repeat":"repeat","background-position":"center center","background-size":"auto","background-attachment":"scroll","background-type":"","background-media":"","overlay-type":"","overlay-color":"","overlay-opacity":"","overlay-gradient":""}},"ast-content-background-meta":{"desktop":{"background-color":"var(--ast-global-color-5)","background-image":"","background-repeat":"repeat","background-position":"center center","background-size":"auto","background-attachment":"scroll","background-type":"","background-media":"","overlay-type":"","overlay-color":"","overlay-opacity":"","overlay-gradient":""},"tablet":{"background-color":"var(--ast-global-color-5)","background-image":"","background-repeat":"repeat","background-position":"center center","background-size":"auto","background-attachment":"scroll","background-type":"","background-media":"","overlay-type":"","overlay-color":"","overlay-opacity":"","overlay-gradient":""},"mobile":{"background-color":"var(--ast-global-color-5)","background-image":"","background-repeat":"repeat","background-position":"center center","background-size":"auto","background-attachment":"scroll","background-type":"","background-media":"","overlay-type":"","overlay-color":"","overlay-opacity":"","overlay-gradient":""}},"footnotes":""},"class_list":["post-360","page","type-page","status-publish","hentry"],"_links":{"self":[{"href":"https:\/\/srialoveni.weblucas.info\/index.php?rest_route=\/wp\/v2\/pages\/360","targetHints":{"allow":["GET"]}}],"collection":[{"href":"https:\/\/srialoveni.weblucas.info\/index.php?rest_route=\/wp\/v2\/pages"}],"about":[{"href":"https:\/\/srialoveni.weblucas.info\/index.php?rest_route=\/wp\/v2\/types\/page"}],"author":[{"embeddable":true,"href":"https:\/\/srialoveni.weblucas.info\/index.php?rest_route=\/wp\/v2\/users\/1"}],"replies":[{"embeddable":true,"href":"https:\/\/srialoveni.weblucas.info\/index.php?rest_route=%2Fwp%2Fv2%2Fcomments&post=360"}],"version-history":[{"count":10,"href":"https:\/\/srialoveni.weblucas.info\/index.php?rest_route=\/wp\/v2\/pages\/360\/revisions"}],"predecessor-version":[{"id":633,"href":"https:\/\/srialoveni.weblucas.info\/index.php?rest_route=\/wp\/v2\/pages\/360\/revisions\/633"}],"wp:attachment":[{"href":"https:\/\/srialoveni.weblucas.info\/index.php?rest_route=%2Fwp%2Fv2%2Fmedia&parent=360"}],"curies":[{"name":"wp","href":"https:\/\/api.w.org\/{rel}","templated":true}]}}